{"id":9750,"date":"2023-08-08T06:21:38","date_gmt":"2023-08-08T06:21:38","guid":{"rendered":"https:\/\/surfintriptravel.com\/?page_id=9750"},"modified":"2023-08-16T12:34:22","modified_gmt":"2023-08-16T12:34:22","slug":"politica-de-privacidad","status":"publish","type":"page","link":"https:\/\/surfintriptravel.com\/es\/politica-de-privacidad\/","title":{"rendered":"Pol\u00edtica de privacidad"},"content":{"rendered":"\t\t<div data-elementor-type=\"wp-page\" data-elementor-id=\"9750\" class=\"elementor elementor-9750\" data-elementor-post-type=\"page\">\n\t\t\t\t\t\t\t<div class=\"elementor-element elementor-element-4bcb212 e-flex e-con-boxed e-con e-parent\" data-id=\"4bcb212\" data-element_type=\"container\" data-settings=\"{&quot;content_width&quot;:&quot;boxed&quot;}\" data-core-v316-plus=\"true\">\n\t\t\t\t\t<div class=\"e-con-inner\">\n\t\t\t\t<div class=\"elementor-element elementor-element-4f49064 elementor-align-left elementor-widget elementor-widget-breadcrumbs\" data-id=\"4f49064\" data-element_type=\"widget\" data-widget_type=\"breadcrumbs.default\">\n\t\t\t\t<div class=\"elementor-widget-container\">\n\t\t\t<link rel=\"stylesheet\" href=\"https:\/\/surfintriptravel.com\/wp-content\/plugins\/elementor-pro\/assets\/css\/widget-theme-elements.min.css\"><p id=\"breadcrumbs\"><span><span><a href=\"https:\/\/surfintriptravel.com\/es\/\">Home<\/a><\/span><\/span><\/p>\t\t<\/div>\n\t\t\t\t<\/div>\n\t\t\t\t<div class=\"elementor-element elementor-element-71a1ece elementor-widget elementor-widget-heading\" data-id=\"71a1ece\" data-element_type=\"widget\" data-widget_type=\"heading.default\">\n\t\t\t\t<div class=\"elementor-widget-container\">\n\t\t\t<style>\/*! elementor - v3.17.0 - 08-11-2023 *\/\n.elementor-heading-title{padding:0;margin:0;line-height:1}.elementor-widget-heading .elementor-heading-title[class*=elementor-size-]>a{color:inherit;font-size:inherit;line-height:inherit}.elementor-widget-heading .elementor-heading-title.elementor-size-small{font-size:15px}.elementor-widget-heading .elementor-heading-title.elementor-size-medium{font-size:19px}.elementor-widget-heading .elementor-heading-title.elementor-size-large{font-size:29px}.elementor-widget-heading .elementor-heading-title.elementor-size-xl{font-size:39px}.elementor-widget-heading .elementor-heading-title.elementor-size-xxl{font-size:59px}<\/style><h1 class=\"elementor-heading-title elementor-size-default\">Pol\u00edtica de privacidad<\/h1>\t\t<\/div>\n\t\t\t\t<\/div>\n\t\t\t\t\t<\/div>\n\t\t\t\t<\/div>\n\t\t\t\t<section class=\"elementor-section elementor-top-section elementor-element elementor-element-a5862fe elementor-section-boxed elementor-section-height-default elementor-section-height-default\" data-id=\"a5862fe\" data-element_type=\"section\">\n\t\t\t\t\t\t<div class=\"elementor-container elementor-column-gap-default\">\n\t\t\t\t\t<div class=\"elementor-column elementor-col-100 elementor-top-column elementor-element elementor-element-a04fc4d\" data-id=\"a04fc4d\" data-element_type=\"column\">\n\t\t\t<div class=\"elementor-widget-wrap elementor-element-populated\">\n\t\t\t\t\t\t\t\t<div class=\"elementor-element elementor-element-24077c5 elementor-widget elementor-widget-heading\" data-id=\"24077c5\" data-element_type=\"widget\" data-widget_type=\"heading.default\">\n\t\t\t\t<div class=\"elementor-widget-container\">\n\t\t\t<p class=\"elementor-heading-title elementor-size-default\">En l\u00ednea con los principios de licitud, equidad y transparencia, a continuaci\u00f3n se expone la Pol\u00edtica de Privacidad.<\/p>\t\t<\/div>\n\t\t\t\t<\/div>\n\t\t\t\t<div class=\"elementor-element elementor-element-e0df1b0 elementor-widget elementor-widget-heading\" data-id=\"e0df1b0\" data-element_type=\"widget\" data-widget_type=\"heading.default\">\n\t\t\t\t<div class=\"elementor-widget-container\">\n\t\t\t<h2 class=\"elementor-heading-title elementor-size-default\">Controlador<\/h2>\t\t<\/div>\n\t\t\t\t<\/div>\n\t\t\t\t<div class=\"elementor-element elementor-element-c1a598d elementor-widget elementor-widget-text-editor\" data-id=\"c1a598d\" data-element_type=\"widget\" data-widget_type=\"text-editor.default\">\n\t\t\t\t<div class=\"elementor-widget-container\">\n\t\t\t<style>\/*! elementor - v3.17.0 - 08-11-2023 *\/\n.elementor-widget-text-editor.elementor-drop-cap-view-stacked .elementor-drop-cap{background-color:#69727d;color:#fff}.elementor-widget-text-editor.elementor-drop-cap-view-framed .elementor-drop-cap{color:#69727d;border:3px solid;background-color:transparent}.elementor-widget-text-editor:not(.elementor-drop-cap-view-default) .elementor-drop-cap{margin-top:8px}.elementor-widget-text-editor:not(.elementor-drop-cap-view-default) .elementor-drop-cap-letter{width:1em;height:1em}.elementor-widget-text-editor .elementor-drop-cap{float:left;text-align:center;line-height:1;font-size:50px}.elementor-widget-text-editor .elementor-drop-cap-letter{display:inline-block}<\/style>\t\t\t\t<p>SURFINTRIP SL<\/p><p>CIF: B76214583<\/p><p>E-mail: info@surfintrip.com<\/p><p>Tel\u00e9fono: +34 667015604<\/p>\t\t\t\t\t\t<\/div>\n\t\t\t\t<\/div>\n\t\t\t\t<div class=\"elementor-element elementor-element-aac8ad6 elementor-widget elementor-widget-heading\" data-id=\"aac8ad6\" data-element_type=\"widget\" data-widget_type=\"heading.default\">\n\t\t\t\t<div class=\"elementor-widget-container\">\n\t\t\t<h2 class=\"elementor-heading-title elementor-size-default\">El prop\u00f3sito del procesamiento de datos personales<\/h2>\t\t<\/div>\n\t\t\t\t<\/div>\n\t\t\t\t<div class=\"elementor-element elementor-element-96d8fad elementor-widget elementor-widget-text-editor\" data-id=\"96d8fad\" data-element_type=\"widget\" data-widget_type=\"text-editor.default\">\n\t\t\t\t<div class=\"elementor-widget-container\">\n\t\t\t\t\t\t\t<p>SURFINTRIP SL se esfuerza en tratar los datos facilitados con el fin de gestionar la relaci\u00f3n contractual correspondiente, gestionar el env\u00edo de la informaci\u00f3n solicitada, ofrecerle nuestros servicios y\/o productos que puedan ser de su inter\u00e9s y\/o gestionar su solicitud.<\/p><p>\u00a0<\/p><p>SURFINTRIP SL recoge sus datos para registrarse y permitirle participar en las actividades que haya seleccionado. Si desea contratar nuestros servicios, deber\u00e1 incluir necesariamente sus datos personales, algunos de los cuales son obligatorios (como, por ejemplo, nombre, apellidos, direcci\u00f3n de correo electr\u00f3nico, direcci\u00f3n de residencia, n\u00famero de tel\u00e9fono, etc.). Para administrar f\u00e1cilmente sus reservas y acceder a algunas funciones del sitio web (por ejemplo, guardar su configuraci\u00f3n, dejar comentarios y administrar futuras reservas) debe crear una cuenta de usuario.<\/p><p>\u00a0<\/p><p>La informaci\u00f3n que nos facilita tiene como finalidad, por un lado, ofrecerle nuestros servicios y, por otro, realizar actividades de marketing como el env\u00edo de newsletters, env\u00edo de ofertas y promoci\u00f3n sobre los distintos servicios y actividades similares, dentro de los l\u00edmites permitidos por la ley. . En cualquier momento puede optar por no recibir nuestros boletines utilizando la funci\u00f3n &#8220;cancelar suscripci\u00f3n&#8221;. En caso de reservar un paquete de campamento de surf o un viaje de surf en uno de nuestros socios, SURFINTRIP SL podr\u00eda enviar sus datos personales al socio en cuesti\u00f3n para completar y gestionar su reserva.<\/p><p>\u00a0<\/p><p>Cuando visita Surfintrip.com, incluso si no est\u00e1 reservando, podemos recopilar cierta informaci\u00f3n, como el navegador que est\u00e1 utilizando, los datos relacionados con el sistema operativo de su computadora, su direcci\u00f3n IP, la versi\u00f3n de la aplicaci\u00f3n, el configuraci\u00f3n del idioma y las p\u00e1ginas que ha visitado. Cuando realiza una reserva, nuestro sistema realiza un seguimiento de d\u00f3nde ha reservado. Adem\u00e1s, tambi\u00e9n podemos recopilar informaci\u00f3n sobre usted cuando utiliza algunos servicios de redes sociales.<\/p><p>\u00a0<\/p><p>A veces podemos comunicarnos con usted por correo electr\u00f3nico, correo postal, tel\u00e9fono o SMS en funci\u00f3n de la informaci\u00f3n de contacto que ha compartido con nosotros. Esto podr\u00eda ocurrir por diferentes motivos, por ejemplo gestionar y\/o responder a su solicitud, enviarle un recordatorio por correo electr\u00f3nico, enviarle un formulario de preguntas o una invitaci\u00f3n para hacer una rese\u00f1a sobre su experiencia con Surfintrip, proporcionar formas sobre c\u00f3mo contactar en caso de necesidad, para enviarle informaci\u00f3n que creemos que puede ser \u00fatil para la organizaci\u00f3n de su viaje o curso. Tambi\u00e9n podemos enviarle material relacionado con sus reservas actuales.<\/p><p>\u00a0<\/p><p>Surfintrip utiliza su informaci\u00f3n personal para invitarlo a emitir un juicio basado en su experiencia, para poder compartir con los miembros de la comunidad.<\/p><p>\u00a0<\/p><p>La versi\u00f3n m\u00f3vil del sitio web de Surfintrip gestiona su informaci\u00f3n personal de la misma manera que se hace para el sitio web. Adem\u00e1s, el servicio de localizaci\u00f3n puede ayudarte a localizar nuestros servicios cerca. Asimismo, Surfintrip podr\u00eda utilizar su informaci\u00f3n personal para:<\/p><ul><li>\u00a0Detectar y prevenir fraudes u otras actividades ilegales o no deseadasc<\/li><li>\u00a0Mejorar los servicios de Surfintrip y la experiencia de los usuariosc<\/li><li>\u00a0Promocionar y publicitar los campamentos de surf del Anfitri\u00f3n.<\/li><\/ul>\t\t\t\t\t\t<\/div>\n\t\t\t\t<\/div>\n\t\t\t\t<div class=\"elementor-element elementor-element-7ee5e39 elementor-widget elementor-widget-heading\" data-id=\"7ee5e39\" data-element_type=\"widget\" data-widget_type=\"heading.default\">\n\t\t\t\t<div class=\"elementor-widget-container\">\n\t\t\t<h2 class=\"elementor-heading-title elementor-size-default\">Per\u00edodo de tiempo en que se almacenar\u00e1n los datos personales<\/h2>\t\t<\/div>\n\t\t\t\t<\/div>\n\t\t\t\t<div class=\"elementor-element elementor-element-7b11331 elementor-widget elementor-widget-text-editor\" data-id=\"7b11331\" data-element_type=\"widget\" data-widget_type=\"text-editor.default\">\n\t\t\t\t<div class=\"elementor-widget-container\">\n\t\t\t\t\t\t\t<p>Los datos se conservar\u00e1n durante el tiempo m\u00ednimo para la adecuada prestaci\u00f3n del servicio, as\u00ed como para responder a posibles responsabilidades y dem\u00e1s requerimientos legales<\/p>\t\t\t\t\t\t<\/div>\n\t\t\t\t<\/div>\n\t\t\t\t<div class=\"elementor-element elementor-element-f21cf1a elementor-widget elementor-widget-heading\" data-id=\"f21cf1a\" data-element_type=\"widget\" data-widget_type=\"heading.default\">\n\t\t\t\t<div class=\"elementor-widget-container\">\n\t\t\t<h2 class=\"elementor-heading-title elementor-size-default\">Legitimaci\u00f3n en el Tratamiento de Datos<\/h2>\t\t<\/div>\n\t\t\t\t<\/div>\n\t\t\t\t<div class=\"elementor-element elementor-element-9c706f9 elementor-widget elementor-widget-text-editor\" data-id=\"9c706f9\" data-element_type=\"widget\" data-widget_type=\"text-editor.default\">\n\t\t\t\t<div class=\"elementor-widget-container\">\n\t\t\t\t\t\t\t<p>La base legal del tratamiento de datos puede ser la ejecuci\u00f3n de una relaci\u00f3n contractual potencial y\/o suscrita, el inter\u00e9s leg\u00edtimo, el poder judicial y\/o la autorizaci\u00f3n otorgada por el interesado. Los datos solicitados son adecuados, pertinentes y estrictamente necesarios, y, en ning\u00fan caso, el interesado est\u00e1 obligado a facilitarlos, pero la falta de dicha comunicaci\u00f3n puede afectar al objetivo del servicio o implicar la imposibilidad de su ejecuci\u00f3n.<\/p>\t\t\t\t\t\t<\/div>\n\t\t\t\t<\/div>\n\t\t\t\t<div class=\"elementor-element elementor-element-de56d0e elementor-widget elementor-widget-heading\" data-id=\"de56d0e\" data-element_type=\"widget\" data-widget_type=\"heading.default\">\n\t\t\t\t<div class=\"elementor-widget-container\">\n\t\t\t<h2 class=\"elementor-heading-title elementor-size-default\">Destinatarios de los Datos<\/h2>\t\t<\/div>\n\t\t\t\t<\/div>\n\t\t\t\t<div class=\"elementor-element elementor-element-dabc2df elementor-widget elementor-widget-text-editor\" data-id=\"dabc2df\" data-element_type=\"widget\" data-widget_type=\"text-editor.default\">\n\t\t\t\t<div class=\"elementor-widget-container\">\n\t\t\t\t\t\t\t<p>SURFINTRIP SL no divulgar\u00e1 su informaci\u00f3n a terceros, a excepci\u00f3n de su consentimiento expl\u00edcito, en caso de una reserva con uno de nuestros socios o en el caso de una obligaci\u00f3n legal.<\/p><p>En caso de reserva de paquete surf camp o surf trip, SURFINTRIP SL transmitir\u00e1 sus datos personales relativos a su reserva al socio que gestionar\u00e1 el surf trip o el paquete surf camp seleccionado.<\/p><p>SURFINTRIP SL, como consecuencia de la utilizaci\u00f3n de nuestros servicios, le solicitar\u00e1 una valoraci\u00f3n sobre los servicios concretos utilizados. Esta revisi\u00f3n podr\u00eda compartirse con el socio y\/o publicarse en nuestro sitio web. Puede optar por no asociar su nombre a la rese\u00f1a apareciendo como un usuario an\u00f3nimo. Cuando deja una rese\u00f1a, acepta que se muestre en la p\u00e1gina de surf camp o surf trip en nuestro sitio web, en nuestras cuentas de redes sociales o en otras partes de nuestro sitio web, para informar a otros viajeros sobre la calidad de los servicios utilizados.<\/p>\t\t\t\t\t\t<\/div>\n\t\t\t\t<\/div>\n\t\t\t\t<div class=\"elementor-element elementor-element-2496bbf elementor-widget elementor-widget-heading\" data-id=\"2496bbf\" data-element_type=\"widget\" data-widget_type=\"heading.default\">\n\t\t\t\t<div class=\"elementor-widget-container\">\n\t\t\t<h2 class=\"elementor-heading-title elementor-size-default\">Derechos aplicables al proporcionar datos<\/h2>\t\t<\/div>\n\t\t\t\t<\/div>\n\t\t\t\t<div class=\"elementor-element elementor-element-13c2bb5 elementor-widget elementor-widget-text-editor\" data-id=\"13c2bb5\" data-element_type=\"widget\" data-widget_type=\"text-editor.default\">\n\t\t\t\t<div class=\"elementor-widget-container\">\n\t\t\t\t\t\t\t<p>Los derechos de protecci\u00f3n de datos aplicables a los interesados son los siguientes:<\/p><ul><li>\u00a0El derecho a solicitar el acceso a los datos personales<\/li><li>\u00a0El derecho de rectificaci\u00f3n o supresi\u00f3n<\/li><li>\u00a0El derecho a oponerse<\/li><li>\u00a0El derecho a la limitaci\u00f3n del tratamiento<\/li><li>\u00a0El derecho a la portabilidad de los datos.<\/li><\/ul><p>Los titulares de los datos personales facilitados podr\u00e1n ejercer los derechos en materia de protecci\u00f3n de datos de car\u00e1cter personal enviando una notificaci\u00f3n por escrito al domicilio social de SURFINTRIP SL o al correo electr\u00f3nico a tales efectos email@email.com, adjuntando, en ambos casos, fotocopia de su DNI. (Documento de identidad espa\u00f1ol) u otros documentos identificativos similares.<\/p><p>\u00a0<\/p><p>Los modelos, formularios de solicitud y otra informaci\u00f3n sobre derechos est\u00e1 disponible en el sitio web www.agpd.es de la Autoridad de Control, la Agencia Espa\u00f1ola de Protecci\u00f3n de Datos, en adelante, AEPD<\/p>\t\t\t\t\t\t<\/div>\n\t\t\t\t<\/div>\n\t\t\t\t<div class=\"elementor-element elementor-element-66fb1d0 elementor-widget elementor-widget-heading\" data-id=\"66fb1d0\" data-element_type=\"widget\" data-widget_type=\"heading.default\">\n\t\t\t\t<div class=\"elementor-widget-container\">\n\t\t\t<h2 class=\"elementor-heading-title elementor-size-default\">Retiro del Consentimiento<\/h2>\t\t<\/div>\n\t\t\t\t<\/div>\n\t\t\t\t<div class=\"elementor-element elementor-element-f4caf29 elementor-widget elementor-widget-text-editor\" data-id=\"f4caf29\" data-element_type=\"widget\" data-widget_type=\"text-editor.default\">\n\t\t\t\t<div class=\"elementor-widget-container\">\n\t\t\t\t\t\t\t<p>Tendr\u00e1 la posibilidad y el derecho de retirar la autorizaci\u00f3n para cualquier finalidad espec\u00edfica otorgada en cada momento sin perjuicio de la licitud del tratamiento seg\u00fan el&nbsp;<span style=\"font-weight: var( --e-global-typography-primary-font-weight );\">consentimiento prestado antes de su retirada.<\/span><\/p>\t\t\t\t\t\t<\/div>\n\t\t\t\t<\/div>\n\t\t\t\t<div class=\"elementor-element elementor-element-f987ca3 elementor-widget elementor-widget-heading\" data-id=\"f987ca3\" data-element_type=\"widget\" data-widget_type=\"heading.default\">\n\t\t\t\t<div class=\"elementor-widget-container\">\n\t\t\t<h2 class=\"elementor-heading-title elementor-size-default\">D\u00f3nde se presentan los reclamos cuando hay razones para creer que los datos no se est\u00e1n procesando correctamente<\/h2>\t\t<\/div>\n\t\t\t\t<\/div>\n\t\t\t\t<div class=\"elementor-element elementor-element-37cb53f elementor-widget elementor-widget-text-editor\" data-id=\"37cb53f\" data-element_type=\"widget\" data-widget_type=\"text-editor.default\">\n\t\t\t\t<div class=\"elementor-widget-container\">\n\t\t\t\t\t\t\t<p>Si alguna parte considera que SURFINTRIP SL no est\u00e1 tratando correctamente, puede dirigir sus reclamaciones a info@surfintrip.com o a la autoridad de protecci\u00f3n de datos que corresponda, siendo \u00e9sta la AEPD en Espa\u00f1a, www.agpd.es<\/p>\t\t\t\t\t\t<\/div>\n\t\t\t\t<\/div>\n\t\t\t\t<div class=\"elementor-element elementor-element-5e24e40 elementor-widget elementor-widget-heading\" data-id=\"5e24e40\" data-element_type=\"widget\" data-widget_type=\"heading.default\">\n\t\t\t\t<div class=\"elementor-widget-container\">\n\t\t\t<h2 class=\"elementor-heading-title elementor-size-default\">Seguridad y Actualizaci\u00f3n de Datos Personales<\/h2>\t\t<\/div>\n\t\t\t\t<\/div>\n\t\t\t\t<div class=\"elementor-element elementor-element-c09492e elementor-widget elementor-widget-text-editor\" data-id=\"c09492e\" data-element_type=\"widget\" data-widget_type=\"text-editor.default\">\n\t\t\t\t<div class=\"elementor-widget-container\">\n\t\t\t\t\t\t\t<p>Con el objetivo de preservar la seguridad de sus datos personales, SURFINTRIP SL ha implantado todas las medidas de \u00edndole t\u00e9cnica y organizativa para garantizar la seguridad de los datos facilitados. Lo anterior para evitar su alteraci\u00f3n, p\u00e9rdida y\/o tratamiento o acceso no autorizado, seg\u00fan exige la normativa, en caso de falta total de seguridad.<\/p><p>\u00a0<\/p><p>Para mantener los datos actualizados, es imprescindible que nos comunique cualquier modificaci\u00f3n.<\/p>\t\t\t\t\t\t<\/div>\n\t\t\t\t<\/div>\n\t\t\t\t<div class=\"elementor-element elementor-element-c707dd7 elementor-widget elementor-widget-heading\" data-id=\"c707dd7\" data-element_type=\"widget\" data-widget_type=\"heading.default\">\n\t\t\t\t<div class=\"elementor-widget-container\">\n\t\t\t<h2 class=\"elementor-heading-title elementor-size-default\">Confidencialidad<\/h2>\t\t<\/div>\n\t\t\t\t<\/div>\n\t\t\t\t<div class=\"elementor-element elementor-element-bd374a5 elementor-widget elementor-widget-text-editor\" data-id=\"bd374a5\" data-element_type=\"widget\" data-widget_type=\"text-editor.default\">\n\t\t\t\t<div class=\"elementor-widget-container\">\n\t\t\t\t\t\t\t<p>Todo el personal de SURFINTRIP SL que participe en cualquiera de las fases del tratamiento tratar\u00e1 y tratar\u00e1 sus datos con estricto cuidado y confidencialidad. Sus datos no ser\u00e1n cedidos o comunicados a un tercero, salvo que as\u00ed lo exijan las disposiciones legales o el interesado haya autorizado lo contrario<\/p>\t\t\t\t\t\t<\/div>\n\t\t\t\t<\/div>\n\t\t\t\t\t<\/div>\n\t\t<\/div>\n\t\t\t\t\t\t\t<\/div>\n\t\t<\/section>\n\t\t\t\t\t\t\t<\/div>\n\t\t","protected":false},"excerpt":{"rendered":"<p>Pol\u00edtica de privacidad En l\u00ednea con los principios de licitud, equidad y transparencia, a continuaci\u00f3n se expone la Pol\u00edtica de Privacidad. Controlador SURFINTRIP SL CIF: B76214583 E-mail: info@surfintrip.com Tel\u00e9fono: +34 667015604 El prop\u00f3sito del procesamiento de datos personales SURFINTRIP SL se esfuerza en tratar los datos facilitados con el fin de gestionar la relaci\u00f3n contractual [&hellip;]<\/p>\n","protected":false},"author":1,"featured_media":0,"parent":0,"menu_order":0,"comment_status":"closed","ping_status":"closed","template":"","meta":{"footnotes":""},"acf":[],"yoast_head":"<!-- This site is optimized with the Yoast SEO Premium plugin v21.3 (Yoast SEO v21.6) - https:\/\/yoast.com\/wordpress\/plugins\/seo\/ -->\n<title>Pol\u00edtica de privacidad - surfintriptravel<\/title>\n<meta name=\"robots\" content=\"noindex, nofollow\" \/>\n<meta property=\"og:locale\" content=\"es_ES\" \/>\n<meta property=\"og:type\" content=\"article\" \/>\n<meta property=\"og:title\" content=\"Pol\u00edtica de privacidad\" \/>\n<meta property=\"og:description\" content=\"Pol\u00edtica de privacidad En l\u00ednea con los principios de licitud, equidad y transparencia, a continuaci\u00f3n se expone la Pol\u00edtica de Privacidad. Controlador SURFINTRIP SL CIF: B76214583 E-mail: info@surfintrip.com Tel\u00e9fono: +34 667015604 El prop\u00f3sito del procesamiento de datos personales SURFINTRIP SL se esfuerza en tratar los datos facilitados con el fin de gestionar la relaci\u00f3n contractual [&hellip;]\" \/>\n<meta property=\"og:url\" content=\"https:\/\/surfintriptravel.com\/es\/politica-de-privacidad\/\" \/>\n<meta property=\"og:site_name\" content=\"surfintriptravel\" \/>\n<meta property=\"article:modified_time\" content=\"2023-08-16T12:34:22+00:00\" \/>\n<meta name=\"twitter:card\" content=\"summary_large_image\" \/>\n<meta name=\"twitter:label1\" content=\"Tiempo de lectura\" \/>\n\t<meta name=\"twitter:data1\" content=\"6 minutos\" \/>\n<!-- \/ Yoast SEO Premium plugin. -->","yoast_head_json":{"title":"Pol\u00edtica de privacidad - surfintriptravel","robots":{"index":"noindex","follow":"nofollow"},"og_locale":"es_ES","og_type":"article","og_title":"Pol\u00edtica de privacidad","og_description":"Pol\u00edtica de privacidad En l\u00ednea con los principios de licitud, equidad y transparencia, a continuaci\u00f3n se expone la Pol\u00edtica de Privacidad. Controlador SURFINTRIP SL CIF: B76214583 E-mail: info@surfintrip.com Tel\u00e9fono: +34 667015604 El prop\u00f3sito del procesamiento de datos personales SURFINTRIP SL se esfuerza en tratar los datos facilitados con el fin de gestionar la relaci\u00f3n contractual [&hellip;]","og_url":"https:\/\/surfintriptravel.com\/es\/politica-de-privacidad\/","og_site_name":"surfintriptravel","article_modified_time":"2023-08-16T12:34:22+00:00","twitter_card":"summary_large_image","twitter_misc":{"Tiempo de lectura":"6 minutos"},"schema":{"@context":"https:\/\/schema.org","@graph":[{"@type":"WebPage","@id":"https:\/\/surfintriptravel.com\/es\/politica-de-privacidad\/","url":"https:\/\/surfintriptravel.com\/es\/politica-de-privacidad\/","name":"Pol\u00edtica de privacidad - surfintriptravel","isPartOf":{"@id":"https:\/\/surfintriptravel.com\/es\/#website"},"datePublished":"2023-08-08T06:21:38+00:00","dateModified":"2023-08-16T12:34:22+00:00","breadcrumb":{"@id":"https:\/\/surfintriptravel.com\/es\/politica-de-privacidad\/#breadcrumb"},"inLanguage":"es","potentialAction":[{"@type":"ReadAction","target":["https:\/\/surfintriptravel.com\/es\/politica-de-privacidad\/"]}]},{"@type":"BreadcrumbList","@id":"https:\/\/surfintriptravel.com\/es\/politica-de-privacidad\/#breadcrumb","itemListElement":[{"@type":"ListItem","position":1,"name":"Home","item":"https:\/\/surfintriptravel.com\/es\/"},{"@type":"ListItem","position":2,"name":"Pol\u00edtica de privacidad"}]},{"@type":"WebSite","@id":"https:\/\/surfintriptravel.com\/es\/#website","url":"https:\/\/surfintriptravel.com\/es\/","name":"surfintriptravel","description":"","publisher":{"@id":"https:\/\/surfintriptravel.com\/es\/#organization"},"potentialAction":[{"@type":"SearchAction","target":{"@type":"EntryPoint","urlTemplate":"https:\/\/surfintriptravel.com\/es\/?s={search_term_string}"},"query-input":"required name=search_term_string"}],"inLanguage":"es"},{"@type":"Organization","@id":"https:\/\/surfintriptravel.com\/es\/#organization","name":"surfintriptravel","url":"https:\/\/surfintriptravel.com\/es\/","logo":{"@type":"ImageObject","inLanguage":"es","@id":"https:\/\/surfintriptravel.com\/es\/#\/schema\/logo\/image\/","url":"https:\/\/surfintriptravel.com\/wp-content\/uploads\/2023\/08\/Logo-header.svg","contentUrl":"https:\/\/surfintriptravel.com\/wp-content\/uploads\/2023\/08\/Logo-header.svg","width":367,"height":36,"caption":"surfintriptravel"},"image":{"@id":"https:\/\/surfintriptravel.com\/es\/#\/schema\/logo\/image\/"}}]}},"_links":{"self":[{"href":"https:\/\/surfintriptravel.com\/es\/wp-json\/wp\/v2\/pages\/9750"}],"collection":[{"href":"https:\/\/surfintriptravel.com\/es\/wp-json\/wp\/v2\/pages"}],"about":[{"href":"https:\/\/surfintriptravel.com\/es\/wp-json\/wp\/v2\/types\/page"}],"author":[{"embeddable":true,"href":"https:\/\/surfintriptravel.com\/es\/wp-json\/wp\/v2\/users\/1"}],"replies":[{"embeddable":true,"href":"https:\/\/surfintriptravel.com\/es\/wp-json\/wp\/v2\/comments?post=9750"}],"version-history":[{"count":47,"href":"https:\/\/surfintriptravel.com\/es\/wp-json\/wp\/v2\/pages\/9750\/revisions"}],"predecessor-version":[{"id":13198,"href":"https:\/\/surfintriptravel.com\/es\/wp-json\/wp\/v2\/pages\/9750\/revisions\/13198"}],"wp:attachment":[{"href":"https:\/\/surfintriptravel.com\/es\/wp-json\/wp\/v2\/media?parent=9750"}],"curies":[{"name":"wp","href":"https:\/\/api.w.org\/{rel}","templated":true}]}}